{"id":532,"date":"2024-07-22T22:22:49","date_gmt":"2024-07-22T20:22:49","guid":{"rendered":"https:\/\/fatbottomedboys.fr\/?post_type=product&#038;p=532"},"modified":"2024-07-22T22:22:53","modified_gmt":"2024-07-22T20:22:53","slug":"funko-pop-elash","status":"publish","type":"product","link":"https:\/\/fatbottomedboys.fr\/en\/product\/funko-pop-elash\/","title":{"rendered":"Funko Pop Elash"},"content":{"rendered":"","protected":false},"excerpt":{"rendered":"<p>En collaboration avec la soci\u00e9t\u00e9 Funko, nous avons co-design\u00e9 deux figurines \u00e0 nos effigies. Dans un soucis d\u2019optimisation de production et de stockage, les figurines ne seront produites qu\u2019apr\u00e8s avoir atteint 1 million de pr\u00e9ventes.<\/p>","protected":false},"featured_media":543,"comment_status":"open","ping_status":"closed","template":"","meta":[],"product_brand":[],"product_cat":[17],"product_tag":[],"class_list":{"0":"post-532","1":"product","2":"type-product","3":"status-publish","4":"has-post-thumbnail","6":"product_cat-goodies","7":"entry","8":"clearfix","9":"entry-grid","10":"entry-columns-6","11":"entry-product-module-layout-fullwidth","12":"thumbnail-color-tone-dark","13":"entry-product","14":"entry-grid_classic","15":"entry-product-grid_classic","17":"first","18":"instock","19":"shipping-taxable","20":"purchasable","21":"product-type-simple"},"_links":{"self":[{"href":"https:\/\/fatbottomedboys.fr\/en\/wp-json\/wp\/v2\/product\/532","targetHints":{"allow":["GET"]}}],"collection":[{"href":"https:\/\/fatbottomedboys.fr\/en\/wp-json\/wp\/v2\/product"}],"about":[{"href":"https:\/\/fatbottomedboys.fr\/en\/wp-json\/wp\/v2\/types\/product"}],"replies":[{"embeddable":true,"href":"https:\/\/fatbottomedboys.fr\/en\/wp-json\/wp\/v2\/comments?post=532"}],"wp:featuredmedia":[{"embeddable":true,"href":"https:\/\/fatbottomedboys.fr\/en\/wp-json\/wp\/v2\/media\/543"}],"wp:attachment":[{"href":"https:\/\/fatbottomedboys.fr\/en\/wp-json\/wp\/v2\/media?parent=532"}],"wp:term":[{"taxonomy":"product_brand","embeddable":true,"href":"https:\/\/fatbottomedboys.fr\/en\/wp-json\/wp\/v2\/product_brand?post=532"},{"taxonomy":"product_cat","embeddable":true,"href":"https:\/\/fatbottomedboys.fr\/en\/wp-json\/wp\/v2\/product_cat?post=532"},{"taxonomy":"product_tag","embeddable":true,"href":"https:\/\/fatbottomedboys.fr\/en\/wp-json\/wp\/v2\/product_tag?post=532"}],"curies":[{"name":"wp","href":"https:\/\/api.w.org\/{rel}","templated":true}]}}